{"id":156,"date":"2021-01-13T13:08:40","date_gmt":"2021-01-13T12:08:40","guid":{"rendered":"http:\/\/tsmopt.com\/?page_id=156"},"modified":"2026-01-26T15:13:41","modified_gmt":"2026-01-26T15:13:41","slug":"tsmcluster","status":"publish","type":"page","link":"https:\/\/exstor.de\/de\/tsmcluster\/","title":{"rendered":"TSMCluster \u00ae"},"content":{"rendered":"\t\t<div data-elementor-type=\"wp-page\" data-elementor-id=\"156\" class=\"elementor elementor-156\">\n\t\t\t\t\t\t<section class=\"elementor-section elementor-top-section elementor-element elementor-element-5e4f5ea elementor-section-boxed elementor-section-height-default elementor-section-height-default\" data-id=\"5e4f5ea\" data-element_type=\"section\" data-e-type=\"section\">\n\t\t\t\t\t\t<div class=\"elementor-container elementor-column-gap-default\">\n\t\t\t\t\t<div class=\"elementor-column elementor-col-100 elementor-top-column elementor-element elementor-element-5a8ea5f\" data-id=\"5a8ea5f\" data-element_type=\"column\" data-e-type=\"column\">\n\t\t\t<div class=\"elementor-widget-wrap elementor-element-populated\">\n\t\t\t\t\t\t<div class=\"elementor-element elementor-element-aad8475 elementor-widget elementor-widget-spacer\" data-id=\"aad8475\" data-element_type=\"widget\" data-e-type=\"widget\" data-widget_type=\"spacer.default\">\n\t\t\t\t<div class=\"elementor-widget-container\">\n\t\t\t\t\t\t\t<div class=\"elementor-spacer\">\n\t\t\t<div class=\"elementor-spacer-inner\"><\/div>\n\t\t<\/div>\n\t\t\t\t\t\t<\/div>\n\t\t\t\t<\/div>\n\t\t\t\t\t<\/div>\n\t\t<\/div>\n\t\t\t\t\t<\/div>\n\t\t<\/section>\n\t\t\t\t<section class=\"elementor-section elementor-top-section elementor-element elementor-element-b2966e0 elementor-section-boxed elementor-section-height-default elementor-section-height-default\" data-id=\"b2966e0\" data-element_type=\"section\" data-e-type=\"section\">\n\t\t\t\t\t\t<div class=\"elementor-container elementor-column-gap-default\">\n\t\t\t\t\t<div class=\"elementor-column elementor-col-100 elementor-top-column elementor-element elementor-element-abbfb3a\" data-id=\"abbfb3a\" data-element_type=\"column\" data-e-type=\"column\">\n\t\t\t<div class=\"elementor-widget-wrap elementor-element-populated\">\n\t\t\t\t\t\t<div class=\"elementor-element elementor-element-af64f36 elementor-widget elementor-widget-heading\" data-id=\"af64f36\" data-element_type=\"widget\" data-e-type=\"widget\" data-settings=\"{&quot;_animation&quot;:&quot;none&quot;}\" data-widget_type=\"heading.default\">\n\t\t\t\t<div class=\"elementor-widget-container\">\n\t\t\t\t\t<h2 class=\"elementor-heading-title elementor-size-default\">TSMCluster<sup>\u00ae<\/sup><\/h2>\t\t\t\t<\/div>\n\t\t\t\t<\/div>\n\t\t\t\t\t<\/div>\n\t\t<\/div>\n\t\t\t\t\t<\/div>\n\t\t<\/section>\n\t\t\t\t<section class=\"elementor-section elementor-top-section elementor-element elementor-element-1de4341 elementor-section-boxed elementor-section-height-default elementor-section-height-default\" data-id=\"1de4341\" data-element_type=\"section\" data-e-type=\"section\">\n\t\t\t\t\t\t<div class=\"elementor-container elementor-column-gap-default\">\n\t\t\t\t\t<div class=\"elementor-column elementor-col-100 elementor-top-column elementor-element elementor-element-74db0be\" data-id=\"74db0be\" data-element_type=\"column\" data-e-type=\"column\">\n\t\t\t<div class=\"elementor-widget-wrap elementor-element-populated\">\n\t\t\t\t\t\t<div class=\"elementor-element elementor-element-1cab5ee animated-fast elementor-widget elementor-widget-text-editor\" data-id=\"1cab5ee\" data-element_type=\"widget\" data-e-type=\"widget\" data-settings=\"{&quot;_animation&quot;:&quot;none&quot;}\" data-widget_type=\"text-editor.default\">\n\t\t\t\t<div class=\"elementor-widget-container\">\n\t\t\t\t\t\t\t\t\t<div class=\"vc_row wpb_row vc_row-fluid\"><div class=\"wpb_column vc_column_container vc_col-sm-10\"><div class=\"vc_column-inner\"><div class=\"wpb_wrapper\"><div class=\"wpb_text_column wpb_content_element \"><div class=\"wpb_wrapper\"><p><strong>TSM<\/strong><em>Cluster<\/em><sup>\u00ae<\/sup> bietet eine kosteng\u00fcnstige und flexible L\u00f6sung f\u00fcr die Hochverf\u00fcgbarkeit von TSM Instanzen. Das Produkt nutzt bereits vorhandene Redundanzen in der Infrastruktur und bietet als Kernfunktion die \u00dcbernahme einer TSM Instanz von einem physischen Server auf einen anderen.<\/p><p>In vielen Umgebungen erfolgt die \u00dcbernahme von TSM Instanzen so schnell, dass Verbindungen von TSM Clients automatisch fortgesetzt werden und sogar externe \u00dcberwachungstools keinen Ausfall der Dienste verzeichnen. Die in\u00a0<strong>TSM<\/strong><em>Cluster<\/em><sup>\u00ae<\/sup>\u00a0integrierte Reportingfunktion dokumentiert die Verf\u00fcgbarkeit der TSM Instanzen.<\/p><p>Seit dem Oktober 2022 bieten wir unsere TSM Hochverf\u00fcgbarkeit\u00a0<strong>TSM<\/strong><em>Cluster<\/em><sup>\u00ae<\/sup>\u00a0in der neuen\u00a0<strong>Version 8.1<\/strong>\u00a0auf Basis der Betriebssysteme AIX und Linux an. Diese robuste, skalierbare und vielfach genutzte Cluster Software f\u00fcr TSM bietet in der neuen Version gravierende Verbesserungen und zahlreiche neue Funktionen:<\/p><\/div><\/div><\/div><\/div><\/div><\/div>\t\t\t\t\t\t\t\t<\/div>\n\t\t\t\t<\/div>\n\t\t\t\t\t<\/div>\n\t\t<\/div>\n\t\t\t\t\t<\/div>\n\t\t<\/section>\n\t\t\t\t<section class=\"elementor-section elementor-top-section elementor-element elementor-element-7184723 elementor-section-boxed elementor-section-height-default elementor-section-height-default\" data-id=\"7184723\" data-element_type=\"section\" data-e-type=\"section\">\n\t\t\t\t\t\t<div class=\"elementor-container elementor-column-gap-default\">\n\t\t\t\t\t<div class=\"elementor-column elementor-col-50 elementor-top-column elementor-element elementor-element-b6f3197\" data-id=\"b6f3197\" data-element_type=\"column\" data-e-type=\"column\">\n\t\t\t<div class=\"elementor-widget-wrap elementor-element-populated\">\n\t\t\t\t\t\t<div class=\"elementor-element elementor-element-2718d05 elementor-widget elementor-widget-text-editor\" data-id=\"2718d05\" data-element_type=\"widget\" data-e-type=\"widget\" data-settings=\"{&quot;_animation&quot;:&quot;none&quot;}\" data-widget_type=\"text-editor.default\">\n\t\t\t\t<div class=\"elementor-widget-container\">\n\t\t\t\t\t\t\t\t\t<div><div><div><div><div><ul><li>Neues Tool tsmcltool (f\u00fcr Health, Instance, Security und Snap)<\/li><li>Instanzen Tools f\u00fcr Create, Delete, Backup, Restore, Check<\/li><li>T\u00e4gliches Mail-Reporting<\/li><li>Aufzeichnung von Langzeitdaten (bis zu 2 Jahre)<\/li><li>Health Check (in welcher Komponente gab es wann ein Problem)<\/li><li>Support f\u00fcr IBM Storage Protect 8.1.14 und h\u00f6her (ehemals TSM)<\/li><li>Support f\u00fcr IBM Storage Scale 4 und 5 (ehemals GPFS)<\/li><\/ul><\/div><\/div><\/div><\/div><\/div>\t\t\t\t\t\t\t\t<\/div>\n\t\t\t\t<\/div>\n\t\t\t\t\t<\/div>\n\t\t<\/div>\n\t\t\t\t<div class=\"elementor-column elementor-col-50 elementor-top-column elementor-element elementor-element-3ca6ef2\" data-id=\"3ca6ef2\" data-element_type=\"column\" data-e-type=\"column\">\n\t\t\t<div class=\"elementor-widget-wrap elementor-element-populated\">\n\t\t\t\t\t\t<div class=\"elementor-element elementor-element-e671257 elementor-widget elementor-widget-text-editor\" data-id=\"e671257\" data-element_type=\"widget\" data-e-type=\"widget\" data-settings=\"{&quot;_animation&quot;:&quot;none&quot;}\" data-widget_type=\"text-editor.default\">\n\t\t\t\t<div class=\"elementor-widget-container\">\n\t\t\t\t\t\t\t\t\t<div><div><div><div><div><ul><li>Support f\u00fcr AIX 7.3, SLES 15 SP7, RHEL 8\/9<\/li><li>Inkl. TSM Security Features mit TLS1.3<\/li><li>Support f\u00fcr eLMM 1.5<\/li><li>Integration des Object Agent (S3)\u00a0<\/li><li>Integration des Operation Centers als Resource<\/li><li>Neue TSM Sensoren, die kritische Werte im Betriebssystem, Db2 und TSM \u00fcberwachen<\/li><\/ul><\/div><\/div><\/div><\/div><\/div>\t\t\t\t\t\t\t\t<\/div>\n\t\t\t\t<\/div>\n\t\t\t\t\t<\/div>\n\t\t<\/div>\n\t\t\t\t\t<\/div>\n\t\t<\/section>\n\t\t\t\t<section class=\"elementor-section elementor-top-section elementor-element elementor-element-fcf3252 elementor-section-boxed elementor-section-height-default elementor-section-height-default\" data-id=\"fcf3252\" data-element_type=\"section\" data-e-type=\"section\">\n\t\t\t\t\t\t<div class=\"elementor-container elementor-column-gap-default\">\n\t\t\t\t\t<div class=\"elementor-column elementor-col-100 elementor-top-column elementor-element elementor-element-41a908f\" data-id=\"41a908f\" data-element_type=\"column\" data-e-type=\"column\">\n\t\t\t<div class=\"elementor-widget-wrap elementor-element-populated\">\n\t\t\t\t\t\t<div class=\"elementor-element elementor-element-ae23ac2 elementor-widget elementor-widget-text-editor\" data-id=\"ae23ac2\" data-element_type=\"widget\" data-e-type=\"widget\" data-widget_type=\"text-editor.default\">\n\t\t\t\t<div class=\"elementor-widget-container\">\n\t\t\t\t\t\t\t\t\t<p>Trotz der hohen Komplexit\u00e4t bleibt\u00a0<strong>TSM<\/strong><em>Cluster<\/em><sup>\u00ae<\/sup> \u00fcber die Weboberfl\u00e4che oder die Kommandozeile einfach zu bedienen.<\/p>\t\t\t\t\t\t\t\t<\/div>\n\t\t\t\t<\/div>\n\t\t\t\t\t<\/div>\n\t\t<\/div>\n\t\t\t\t\t<\/div>\n\t\t<\/section>\n\t\t\t\t<section class=\"elementor-section elementor-top-section elementor-element elementor-element-a5ccdc7 elementor-section-boxed elementor-section-height-default elementor-section-height-default\" data-id=\"a5ccdc7\" data-element_type=\"section\" data-e-type=\"section\">\n\t\t\t\t\t\t<div class=\"elementor-container elementor-column-gap-default\">\n\t\t\t\t\t<div class=\"elementor-column elementor-col-100 elementor-top-column elementor-element elementor-element-6fafdab\" data-id=\"6fafdab\" data-element_type=\"column\" data-e-type=\"column\">\n\t\t\t<div class=\"elementor-widget-wrap elementor-element-populated\">\n\t\t\t\t\t\t<div class=\"elementor-element elementor-element-690a4f4 elementor-widget-divider--view-line elementor-widget elementor-widget-divider\" data-id=\"690a4f4\" data-element_type=\"widget\" data-e-type=\"widget\" data-widget_type=\"divider.default\">\n\t\t\t\t<div class=\"elementor-widget-container\">\n\t\t\t\t\t\t\t<div class=\"elementor-divider\">\n\t\t\t<span class=\"elementor-divider-separator\">\n\t\t\t\t\t\t<\/span>\n\t\t<\/div>\n\t\t\t\t\t\t<\/div>\n\t\t\t\t<\/div>\n\t\t\t\t\t<\/div>\n\t\t<\/div>\n\t\t\t\t\t<\/div>\n\t\t<\/section>\n\t\t\t\t<section class=\"elementor-section elementor-top-section elementor-element elementor-element-a757db5 elementor-section-boxed elementor-section-height-default elementor-section-height-default\" data-id=\"a757db5\" data-element_type=\"section\" data-e-type=\"section\">\n\t\t\t\t\t\t<div class=\"elementor-container elementor-column-gap-default\">\n\t\t\t\t\t<div class=\"elementor-column elementor-col-100 elementor-top-column elementor-element elementor-element-5659a12\" data-id=\"5659a12\" data-element_type=\"column\" data-e-type=\"column\">\n\t\t\t<div class=\"elementor-widget-wrap elementor-element-populated\">\n\t\t\t\t\t\t<div class=\"elementor-element elementor-element-ad23c4b elementor-widget elementor-widget-heading\" data-id=\"ad23c4b\" data-element_type=\"widget\" data-e-type=\"widget\" data-widget_type=\"heading.default\">\n\t\t\t\t<div class=\"elementor-widget-container\">\n\t\t\t\t\t<h2 class=\"elementor-heading-title elementor-size-default\">Downloads<\/h2>\t\t\t\t<\/div>\n\t\t\t\t<\/div>\n\t\t\t\t\t<\/div>\n\t\t<\/div>\n\t\t\t\t\t<\/div>\n\t\t<\/section>\n\t\t\t\t<section class=\"elementor-section elementor-top-section elementor-element elementor-element-8610f1a elementor-section-boxed elementor-section-height-default elementor-section-height-default\" data-id=\"8610f1a\" data-element_type=\"section\" data-e-type=\"section\">\n\t\t\t\t\t\t<div class=\"elementor-container elementor-column-gap-default\">\n\t\t\t\t\t<div class=\"elementor-column elementor-col-50 elementor-top-column elementor-element elementor-element-d5e5a40\" data-id=\"d5e5a40\" data-element_type=\"column\" data-e-type=\"column\">\n\t\t\t<div class=\"elementor-widget-wrap elementor-element-populated\">\n\t\t\t\t\t\t<div class=\"elementor-element elementor-element-a11fe49 elementor-position-inline-start elementor-view-default elementor-mobile-position-block-start elementor-widget elementor-widget-icon-box\" data-id=\"a11fe49\" data-element_type=\"widget\" data-e-type=\"widget\" data-widget_type=\"icon-box.default\">\n\t\t\t\t<div class=\"elementor-widget-container\">\n\t\t\t\t\t\t\t<div class=\"elementor-icon-box-wrapper\">\n\n\t\t\t\t\t\t<div class=\"elementor-icon-box-icon\">\n\t\t\t\t<a href=\"http:\/\/exstor.de\/wp-content\/uploads\/2026\/01\/TSMCluster-8.1.4.0.pdf\" target=\"_blank\" class=\"elementor-icon\" tabindex=\"-1\" aria-label=\"TSMCluster 8.1 Pr\u00e4sentation (EN)\">\n\t\t\t\t<i aria-hidden=\"true\" class=\"fas fa-file-pdf\"><\/i>\t\t\t\t<\/a>\n\t\t\t<\/div>\n\t\t\t\n\t\t\t\t\t\t<div class=\"elementor-icon-box-content\">\n\n\t\t\t\t\t\t\t\t\t<h4 class=\"elementor-icon-box-title\">\n\t\t\t\t\t\t<a href=\"http:\/\/exstor.de\/wp-content\/uploads\/2026\/01\/TSMCluster-8.1.4.0.pdf\" target=\"_blank\" >\n\t\t\t\t\t\t\tTSMCluster 8.1 Pr\u00e4sentation (EN)\t\t\t\t\t\t<\/a>\n\t\t\t\t\t<\/h4>\n\t\t\t\t\n\t\t\t\t\n\t\t\t<\/div>\n\t\t\t\n\t\t<\/div>\n\t\t\t\t\t\t<\/div>\n\t\t\t\t<\/div>\n\t\t\t\t\t<\/div>\n\t\t<\/div>\n\t\t\t\t<div class=\"elementor-column elementor-col-50 elementor-top-column elementor-element elementor-element-c42b85e\" data-id=\"c42b85e\" data-element_type=\"column\" data-e-type=\"column\">\n\t\t\t<div class=\"elementor-widget-wrap elementor-element-populated\">\n\t\t\t\t\t\t<div class=\"elementor-element elementor-element-240e63e elementor-position-inline-start elementor-view-default elementor-mobile-position-block-start elementor-widget elementor-widget-icon-box\" data-id=\"240e63e\" data-element_type=\"widget\" data-e-type=\"widget\" data-widget_type=\"icon-box.default\">\n\t\t\t\t<div class=\"elementor-widget-container\">\n\t\t\t\t\t\t\t<div class=\"elementor-icon-box-wrapper\">\n\n\t\t\t\t\t\t<div class=\"elementor-icon-box-icon\">\n\t\t\t\t<a href=\"http:\/\/www.exstor.de\/wp-content\/uploads\/2023\/07\/GSE_2022.pdf\" target=\"_blank\" class=\"elementor-icon\" tabindex=\"-1\" aria-label=\"TSMCluster GSE ISP Symposium 2022 Pr\u00e4sentation (EN)\">\n\t\t\t\t<i aria-hidden=\"true\" class=\"fas fa-file-pdf\"><\/i>\t\t\t\t<\/a>\n\t\t\t<\/div>\n\t\t\t\n\t\t\t\t\t\t<div class=\"elementor-icon-box-content\">\n\n\t\t\t\t\t\t\t\t\t<h4 class=\"elementor-icon-box-title\">\n\t\t\t\t\t\t<a href=\"http:\/\/www.exstor.de\/wp-content\/uploads\/2023\/07\/GSE_2022.pdf\" target=\"_blank\" >\n\t\t\t\t\t\t\tTSMCluster GSE ISP Symposium 2022 Pr\u00e4sentation (EN)\t\t\t\t\t\t<\/a>\n\t\t\t\t\t<\/h4>\n\t\t\t\t\n\t\t\t\t\n\t\t\t<\/div>\n\t\t\t\n\t\t<\/div>\n\t\t\t\t\t\t<\/div>\n\t\t\t\t<\/div>\n\t\t\t\t\t<\/div>\n\t\t<\/div>\n\t\t\t\t\t<\/div>\n\t\t<\/section>\n\t\t\t\t<\/div>\n\t\t","protected":false},"excerpt":{"rendered":"<p>TSMCluster\u00ae TSMCluster\u00ae bietet eine kosteng\u00fcnstige und flexible L\u00f6sung f\u00fcr die Hochverf\u00fcgbarkeit von TSM Instanzen. Das Produkt nutzt bereits vorhandene Redundanzen in der Infrastruktur und bietet als Kernfunktion die \u00dcbernahme einer TSM Instanz von einem physischen Server auf einen anderen. In &hellip; <\/p>\n","protected":false},"author":1,"featured_media":0,"parent":0,"menu_order":0,"comment_status":"closed","ping_status":"closed","template":"elementor_header_footer","meta":{"footnotes":""},"class_list":["post-156","page","type-page","status-publish","hentry"],"_links":{"self":[{"href":"https:\/\/exstor.de\/de\/wp-json\/wp\/v2\/pages\/156","targetHints":{"allow":["GET"]}}],"collection":[{"href":"https:\/\/exstor.de\/de\/wp-json\/wp\/v2\/pages"}],"about":[{"href":"https:\/\/exstor.de\/de\/wp-json\/wp\/v2\/types\/page"}],"author":[{"embeddable":true,"href":"https:\/\/exstor.de\/de\/wp-json\/wp\/v2\/users\/1"}],"replies":[{"embeddable":true,"href":"https:\/\/exstor.de\/de\/wp-json\/wp\/v2\/comments?post=156"}],"version-history":[{"count":115,"href":"https:\/\/exstor.de\/de\/wp-json\/wp\/v2\/pages\/156\/revisions"}],"predecessor-version":[{"id":1513,"href":"https:\/\/exstor.de\/de\/wp-json\/wp\/v2\/pages\/156\/revisions\/1513"}],"wp:attachment":[{"href":"https:\/\/exstor.de\/de\/wp-json\/wp\/v2\/media?parent=156"}],"curies":[{"name":"wp","href":"https:\/\/api.w.org\/{rel}","templated":true}]}}